{"id":930,"date":"2025-02-06T15:34:36","date_gmt":"2025-02-06T14:34:36","guid":{"rendered":"https:\/\/steam-control.com\/Shop\/?post_type=product&#038;p=930"},"modified":"2026-04-16T13:46:39","modified_gmt":"2026-04-16T11:46:39","slug":"temperaturfuehler-fuer-steam-control-steuerungen","status":"publish","type":"product","link":"https:\/\/steam-control.com\/Shop\/index.php\/produkt\/temperaturfuehler-fuer-steam-control-steuerungen\/","title":{"rendered":"Temperaturf\u00fchler f\u00fcr Steam Control Steuerungen"},"content":{"rendered":"<p>Passend f\u00fcr alle Steam Control Steuerungen.<\/p>\n<p>Bitte achtet darauf, dass eure Steuerung bereits \u00fcber einen Stecker verf\u00fcgt, damit der F\u00fchler auch wirklich passt. Falls ihr Fragen habt, meldet euch einfach gern bei uns.<\/p>\n<p>Erh\u00e4ltlich in verschiedenen L\u00e4ngen: <strong>1 m, 2 m oder 3 m<\/strong> \u2013 je nach Bedarf flexibel w\u00e4hlbar.<\/p>\n<p>Voraussichtliche Lieferzeit: 2 Wochen<\/p>\n<p>&nbsp;<\/p>\n","protected":false},"excerpt":{"rendered":"<p><strong>\u2705<\/strong> Temperaturf\u00fchler mit Stecker \u2013 f\u00fcr einen schnellen und sicheren Wechsel des F\u00fchlers.<br \/>\n<strong>\u2705 <\/strong>Langes Kabel<br \/>\n<strong>\u2705\u00a0<\/strong>Lange Lebensdauer<\/p>\n","protected":false},"featured_media":885,"comment_status":"open","ping_status":"closed","template":"","meta":{"jetpack_post_was_ever_published":false,"jetpack_publicize_message":"","jetpack_publicize_feature_enabled":true,"jetpack_social_post_already_shared":true,"jetpack_social_options":{"image_generator_settings":{"template":"highway","default_image_id":0,"font":"","enabled":false},"version":2}},"product_brand":[],"product_cat":[172],"product_tag":[44,175],"class_list":{"0":"post-930","1":"product","2":"type-product","3":"status-publish","4":"has-post-thumbnail","6":"product_cat-zubehoer-2","7":"product_tag-steam-control","8":"product_tag-temperaturfuehler","9":"product_shipping_class-brief","11":"first","12":"instock","13":"shipping-taxable","14":"purchasable","15":"product-type-simple"},"jetpack_publicize_connections":[],"jetpack-related-posts":[],"jetpack_sharing_enabled":true,"jetpack_likes_enabled":true,"_links":{"self":[{"href":"https:\/\/steam-control.com\/Shop\/index.php\/wp-json\/wp\/v2\/product\/930","targetHints":{"allow":["GET"]}}],"collection":[{"href":"https:\/\/steam-control.com\/Shop\/index.php\/wp-json\/wp\/v2\/product"}],"about":[{"href":"https:\/\/steam-control.com\/Shop\/index.php\/wp-json\/wp\/v2\/types\/product"}],"replies":[{"embeddable":true,"href":"https:\/\/steam-control.com\/Shop\/index.php\/wp-json\/wp\/v2\/comments?post=930"}],"wp:featuredmedia":[{"embeddable":true,"href":"https:\/\/steam-control.com\/Shop\/index.php\/wp-json\/wp\/v2\/media\/885"}],"wp:attachment":[{"href":"https:\/\/steam-control.com\/Shop\/index.php\/wp-json\/wp\/v2\/media?parent=930"}],"wp:term":[{"taxonomy":"product_brand","embeddable":true,"href":"https:\/\/steam-control.com\/Shop\/index.php\/wp-json\/wp\/v2\/product_brand?post=930"},{"taxonomy":"product_cat","embeddable":true,"href":"https:\/\/steam-control.com\/Shop\/index.php\/wp-json\/wp\/v2\/product_cat?post=930"},{"taxonomy":"product_tag","embeddable":true,"href":"https:\/\/steam-control.com\/Shop\/index.php\/wp-json\/wp\/v2\/product_tag?post=930"}],"curies":[{"name":"wp","href":"https:\/\/api.w.org\/{rel}","templated":true}]}}