{"id":927,"date":"2025-02-06T15:17:46","date_gmt":"2025-02-06T14:17:46","guid":{"rendered":"https:\/\/steam-control.com\/Shop\/?post_type=product&#038;p=927"},"modified":"2025-06-28T08:52:13","modified_gmt":"2025-06-28T06:52:13","slug":"nuveq-adapter","status":"publish","type":"product","link":"https:\/\/steam-control.com\/Shop\/index.php\/produkt\/nuveq-adapter\/","title":{"rendered":"Haygain\/ Nuveq Adapter"},"content":{"rendered":"<p>Der Haygain\/ Nuveq Adapter eignet sich ideal f\u00fcr die Montage unserer Temperaturf\u00fchler f\u00fcr deinen Heubedampfer.<\/p>\n<p>Er ersetzt das vorhandene Thermometer am Deckel.<\/p>\n<p>Er ist au\u00dferdem kompatibel mit anderen Steuerungen oder Temperaturf\u00fchlern mit einem F\u00fchlerdurchmesser von 6 mm und bietet eine zuverl\u00e4ssige und stabile Befestigung.<\/p>\n<p>Falls du Fragen hast oder eine Beratung w\u00fcnschst, melde dich gerne bei uns!\u00a0<img decoding=\"async\" class=\"emoji\" role=\"img\" draggable=\"false\" src=\"https:\/\/s.w.org\/images\/core\/emoji\/15.0.3\/svg\/1f60a.svg\" alt=\"\ud83d\ude0a\" \/><\/p>\n","protected":false},"excerpt":{"rendered":"<h3>Adapter f\u00fcr die Montage unserer Temperaturf\u00fchler<\/h3>\n<p><img decoding=\"async\" class=\"emoji\" role=\"img\" draggable=\"false\" src=\"https:\/\/s.w.org\/images\/core\/emoji\/15.0.3\/svg\/2714.svg\" alt=\"\u2714\" \/> Passend f\u00fcr alle Haygain \/ Nuveq Heubedampfer<br \/>\n<img decoding=\"async\" class=\"emoji\" role=\"img\" draggable=\"false\" src=\"https:\/\/s.w.org\/images\/core\/emoji\/15.0.3\/svg\/2714.svg\" alt=\"\u2714\" \/>\u00a0Stabile Befestigungsart<br \/>\n<img decoding=\"async\" class=\"emoji\" role=\"img\" draggable=\"false\" src=\"https:\/\/s.w.org\/images\/core\/emoji\/15.0.3\/svg\/2714.svg\" alt=\"\u2714\" \/>\u00a0Lange Lebensdauer<br \/>\n<img decoding=\"async\" class=\"emoji\" role=\"img\" draggable=\"false\" src=\"https:\/\/s.w.org\/images\/core\/emoji\/15.0.3\/svg\/2714.svg\" alt=\"\u2714\" \/>\u00a0Ungiftig\u00a0und entspricht zu 100 % den Lebensmittelsicherheitsstandards.<\/p>\n","protected":false},"featured_media":920,"comment_status":"open","ping_status":"closed","template":"","meta":{"jetpack_post_was_ever_published":false,"jetpack_publicize_message":"","jetpack_publicize_feature_enabled":true,"jetpack_social_post_already_shared":true,"jetpack_social_options":{"image_generator_settings":{"template":"highway","default_image_id":0,"font":"","enabled":false},"version":2}},"product_brand":[],"product_cat":[172],"product_tag":[173],"class_list":{"0":"post-927","1":"product","2":"type-product","3":"status-publish","4":"has-post-thumbnail","6":"product_cat-zubehoer-2","7":"product_tag-nuveq","8":"product_shipping_class-brief","10":"first","11":"instock","12":"shipping-taxable","13":"purchasable","14":"product-type-simple"},"jetpack_publicize_connections":[],"jetpack-related-posts":[],"jetpack_sharing_enabled":true,"jetpack_likes_enabled":true,"_links":{"self":[{"href":"https:\/\/steam-control.com\/Shop\/index.php\/wp-json\/wp\/v2\/product\/927","targetHints":{"allow":["GET"]}}],"collection":[{"href":"https:\/\/steam-control.com\/Shop\/index.php\/wp-json\/wp\/v2\/product"}],"about":[{"href":"https:\/\/steam-control.com\/Shop\/index.php\/wp-json\/wp\/v2\/types\/product"}],"replies":[{"embeddable":true,"href":"https:\/\/steam-control.com\/Shop\/index.php\/wp-json\/wp\/v2\/comments?post=927"}],"wp:featuredmedia":[{"embeddable":true,"href":"https:\/\/steam-control.com\/Shop\/index.php\/wp-json\/wp\/v2\/media\/920"}],"wp:attachment":[{"href":"https:\/\/steam-control.com\/Shop\/index.php\/wp-json\/wp\/v2\/media?parent=927"}],"wp:term":[{"taxonomy":"product_brand","embeddable":true,"href":"https:\/\/steam-control.com\/Shop\/index.php\/wp-json\/wp\/v2\/product_brand?post=927"},{"taxonomy":"product_cat","embeddable":true,"href":"https:\/\/steam-control.com\/Shop\/index.php\/wp-json\/wp\/v2\/product_cat?post=927"},{"taxonomy":"product_tag","embeddable":true,"href":"https:\/\/steam-control.com\/Shop\/index.php\/wp-json\/wp\/v2\/product_tag?post=927"}],"curies":[{"name":"wp","href":"https:\/\/api.w.org\/{rel}","templated":true}]}}