{"id":708,"date":"2024-04-20T12:50:25","date_gmt":"2024-04-20T10:50:25","guid":{"rendered":"https:\/\/steam-control.com\/Shop\/?post_type=product&#038;p=708"},"modified":"2025-08-21T08:23:50","modified_gmt":"2025-08-21T06:23:50","slug":"heubedampfer-h3r-leader-smart","status":"publish","type":"product","link":"https:\/\/steam-control.com\/Shop\/index.php\/produkt\/heubedampfer-h3r-leader-smart\/","title":{"rendered":"H3R LEADER 3500M SMART \/ 7000M SMART"},"content":{"rendered":"<div class=\"container-fluid opc-Container \">\n<div>\n<div class=\"row \">\n<div class=\"col col-md-6 col-lg-6 col-xl-6 col-12\" data-area-id=\"col-1\">\n<div class=\"\">\n<p>&nbsp;<\/p>\n<p><em><strong>Der Leader, wie der Name schon sagt, f\u00fchrt die Rangliste unter den Heubedampfern an! \u00a0<\/strong><\/em><\/p>\n<p>Du m\u00f6chtest f\u00fcr mehr als ein Pferd bedampfen? Dann bist du hier genau an der richtigen Stelle. Wie alle unsere Heubedampfer verf\u00fcgt der Leader \u00fcber eine extrem stabile und robuste Au\u00dfenh\u00fclle aus Edelstahl, ist mit einer 40mm starken Isolierung perfekt isoliert und funktioniert damit auch bei zweistelligen Minusgraden noch hervorragend.<\/p>\n<\/div>\n<div class=\"opc-Container \">\n<div><\/div>\n<\/div>\n<div class=\"\">\n<p><em><strong>Innenverkleidung aus Edelstahl<\/strong><\/em><\/p>\n<p>Wie auch der Champ ist der Leader mit einer Edelstahl Innenverkleidung ausgestattet und das macht ihn nahezu unverw\u00fcstlich. Du kannst den Leader von Hand bef\u00fcllen und entleeren, du kannst Heunetze oder unsere Ma\u00dfgeschneiderten Heutaschen nutzen, du kannst ihn mit Ballen bef\u00fcllen, aber du kannst ihn auch mit Hilfsmitteln wie einer Gabel o.\u00e4. beladen. Die Edelstahlverkleidung sch\u00fctzt die Isolierung und dadurch sind Besch\u00e4digungen ausgeschlossen.<\/p>\n<\/div>\n<div class=\"opc-Container \">\n<div><\/div>\n<\/div>\n<\/div>\n<\/div>\n<\/div>\n<\/div>\n<div class=\"container-fluid opc-Container \">\n<div>\n<div class=\"row \">\n<div class=\"col col-md-6 col-lg-6 col-xl-6 col-12\" data-area-id=\"col-0\">\n<div class=\"opc-Container opc-hidden-xs opc-hidden-sm \">\n<div><\/div>\n<\/div>\n<div class=\"\">\n<p>&nbsp;<\/p>\n<p><em><strong>Der Leader ist einfach riesig!<\/strong><\/em><\/p>\n<p><img data-recalc-dims=\"1\" loading=\"lazy\" decoding=\"async\" class=\"\" src=\"https:\/\/i0.wp.com\/h3r-shop.de\/media\/image\/storage\/opc\/Icon\/design%20ohne%20titel%20%2862%29.png?resize=216%2C216&#038;ssl=1\" alt=\"\" width=\"216\" height=\"216\" \/><\/p>\n<p>Er besitzt ein Innenma\u00df von 1400x800x800mm, umgerechnet also 896l. Man spricht davon, das loses Heu ein Raumgewicht von 70-120kg\/m\u00b3 hat. Damit w\u00fcrde sich theoretisch eine F\u00fcllmenge von 62-107kg ergeben.<\/p>\n<p>Wir m\u00f6chten aber, dass du auch nach dem ersten Bef\u00fcllen unseres Heubedampfers noch vollkommen begeistert bist. Darum haben wir in Praxistests ermittelt, dass man 50kg Heu bei loser Bef\u00fcllung mit feinem Heu in den Leader bekommt und 45kg, wenn das Heu sehr grob strukturiert ist. Diese Menge kann man mit einem Dampferzeuger in ca. 100 Minuten auf \u00fcber 90 \u00b0C bedampfen.<\/p>\n<p><em><strong>Heunetz<\/strong><\/em><\/p>\n<p>&nbsp;<\/p>\n<p><img data-recalc-dims=\"1\" loading=\"lazy\" decoding=\"async\" class=\"\" src=\"https:\/\/i0.wp.com\/h3r-shop.de\/media\/image\/storage\/opc\/Icon\/icon%20heunetz.png?resize=228%2C228&#038;ssl=1\" alt=\"\" width=\"228\" height=\"228\" \/><\/p>\n<p>Wenn du Heunetze verwendest, kannst du das Heu noch besser komprimieren, solltest aber darauf achten Heunetze zu nutzen, die den Innenraum m\u00f6glichst optimal ausf\u00fcllen, damit an den R\u00e4ndern wenig Freiraum \u00fcbrig bleibt.<\/p>\n<p>Am leichtesten tust du dich nat\u00fcrlich mit unseren ma\u00dfgeschneiderten Heutaschen, die den Raum perfekt ausnutzen und dir ein extrem leichtes bef\u00fcllen und entleeren des Bedampfers erm\u00f6glichen.<\/p>\n<\/div>\n<div class=\"opc-Container \">\n<div><\/div>\n<\/div>\n<\/div>\n<div class=\"col col-md-6 col-lg-6 col-xl-6 col-12\" data-area-id=\"col-1\">\n<div class=\"opc-Container \">\n<div><\/div>\n<\/div>\n<div class=\"opc-Container \">\n<div><\/div>\n<\/div>\n<div class=\"opc-Container \">\n<div><\/div>\n<\/div>\n<\/div>\n<\/div>\n<\/div>\n<\/div>\n<div class=\"container-fluid opc-Container \">\n<div>\n<div class=\"row \">\n<div class=\"col col-md-6 col-lg-6 col-xl-6 col-12\" data-area-id=\"col-0\"><\/div>\n<div class=\"col col-md-6 col-lg-6 col-xl-6 col-12\" data-area-id=\"col-1\">\n<div class=\"opc-Container opc-hidden-xs opc-hidden-sm \">\n<div><\/div>\n<\/div>\n<div class=\"\">\n<p><em><strong>Alles nur hei\u00dfer Dampf?<\/strong><\/em><\/p>\n<p><img data-recalc-dims=\"1\" loading=\"lazy\" decoding=\"async\" class=\"\" src=\"https:\/\/i0.wp.com\/h3r-shop.de\/media\/image\/storage\/opc\/Icon\/alles%20nur%20hei%C3%9Fer%20dampf.png?resize=227%2C227&#038;ssl=1\" alt=\"\" width=\"227\" height=\"227\" \/><\/p>\n<p>Wir empfehlen dir f\u00fcr den Leader unseren Dampferzeuger zu verwenden.\u00a0Beide System\u00a0sind nicht nur in der Dampferzeugung und der Dampfmenge perfekt aufeinander abgestimmt sondern auch in Punkto Handling und Reinigung.<\/p>\n<p>&nbsp;<\/p>\n<p>Unser Dampferzeuger l\u00e4uft mit einer 3500W Induktionsplatte und sorgt daf\u00fcr, dass eine volle Ladung des Heubedampfers in 100 Minuten vollst\u00e4ndig bedampft ist. Dabei arbeitet Sie extrem effizient und verbraucht bei einem Durchgang ungef\u00e4hr 4,5-5,3 kWh. Bei einem Strompreis von 30ct sind das\u00a01,35\u20ac-1,59\u20ac pro Durchgang. Der Bedampfer wird an einer normalen 230V Steckdose betrieben und muss mit 16A abgesichert sein.<\/p>\n<p>&nbsp;<\/p>\n<p>Der Dampferzeuger des Leader 3500 SMART verf\u00fcgt \u00fcber eine Induktionsplatte mit manuellem Drehschalter. Diese sollte immer auf die maximal gew\u00fcnschte Leistung gestellt werden. Den Rest \u00fcbernimmt die Temperatursteuerung EVO von Steam Control. Hier kannst du programmieren, wann der Bedamfpungsvorgang gestartet werden soll, welche Temperatur du erreichen m\u00f6chtest und wie lang mit dieser Temperatur weiter bedampft werden soll.<\/p>\n<p>M\u00f6chtest du zwei Dampferzeuger \u00fcber die Temperatursteuerung laufen lassen, ben\u00f6tigst du in deinem Stall eine Starkstromsteckdose. Die insgesamt 7000W w\u00fcrden eine normale Steckdose \u00fcberfordern \ud83d\ude42<\/p>\n<p>&nbsp;<\/p>\n<p>&nbsp;<\/p>\n<\/div>\n<\/div>\n<\/div>\n<\/div>\n<\/div>\n<div class=\"container-fluid opc-Container \">\n<div>\n<div class=\"row \">\n<div class=\"col col-md-6 col-lg-6 col-xl-6 col-12\" data-area-id=\"col-0\">\n<div class=\"\">\n<p><em><strong>Dampfeinleitung<\/strong><\/em><\/p>\n<p><img data-recalc-dims=\"1\" loading=\"lazy\" decoding=\"async\" class=\"\" src=\"https:\/\/i0.wp.com\/h3r-shop.de\/media\/image\/storage\/opc\/Icons%20Banner\/icon%20dampfleitung.png?resize=223%2C223&#038;ssl=1\" alt=\"\" width=\"223\" height=\"223\" \/><\/p>\n<p>&nbsp;<\/p>\n<p>Die Dampfeinleitung erfolgt \u00fcber Schlauchleitungen, die genau f\u00fcr den Einsatz in feuchter Umgebung bestimmt sind. Der Leader besitzt von Haus aus hochwertige Edelstahlarmaturen.<\/p>\n<p>Die Dampfverteilung erfolgt bei uns \u00fcber Dampfverteilungsbleche mit einem Design, welches den Dampf zuverl\u00e4ssig an alle Stellen des Heubedampfers weiterleitet.<\/p>\n<p>&nbsp;<\/p>\n<\/div>\n<\/div>\n<div class=\"col col-md-6 col-lg-6 col-xl-6 col-12\" data-area-id=\"col-1\">\n<div class=\"opc-Container \">\n<div><\/div>\n<\/div>\n<\/div>\n<\/div>\n<\/div>\n<\/div>\n<div class=\"container-fluid opc-Container opc-hidden-xs opc-hidden-sm \">\n<div class=\"row \">\n<div class=\"col col-md-6 col-lg-6 col-xl-6 col-12\" data-area-id=\"col-1\">\n<div class=\"opc-Container \">\n<div><\/div>\n<\/div>\n<h1 class=\" \"><em>#Qualitytime<\/em><\/h1>\n<div class=\"\">\n<p><img data-recalc-dims=\"1\" loading=\"lazy\" decoding=\"async\" class=\"\" src=\"https:\/\/i0.wp.com\/h3r-shop.de\/media\/image\/storage\/opc\/Images\/icon%20quality%20time.png?resize=229%2C229&#038;ssl=1\" alt=\"\" width=\"229\" height=\"229\" \/><\/p>\n<p>&nbsp;<\/p>\n<p>Dein Hobby ist das Reiten, der Fahrsport oder ganz allgemein die Liebe zum Pferd, aber bestimmt nicht Heubedampfen oder noch schlimmer Heubedampfer putzen. Wir haben unsere Heubedampfer so konzipiert, dass du m\u00f6glichst wenig Aufwand hast. Der Dampferzeuger wir \u00fcber einen herausnehmbaren Topf mit Wasser bef\u00fcllt. Wenn du diesen nach dem Dampfvorgang schnell trocken wischst, wird sich hier kein oder nur wenig Kalk ablagern. L\u00e4stiges Entkalken kann damit entfallen oder ist nur aller Jubeljahre notwendig. Im Winter solltest du, um eine Vereisung der Schlauchleitung zu verhindern, am Ende des Bedampfens eine Ablassschraube an der Dampfleitung \u00f6ffnen (nat\u00fcrlich erst nachdem die Schlauchleitung etwas abgek\u00fchlt ist). Nun kann Kondenswasser einfach ablaufen, bevor es im Schlauch gefriert.<\/p>\n<\/div>\n<\/div>\n<\/div>\n<div class=\"opc-Container \">\n<div><\/div>\n<\/div>\n<\/div>\n<div class=\"container-fluid opc-Container \">\n<div>\n<div class=\"row \">\n<div class=\"col col-md-6 col-lg-6 col-xl-6 col-12\" data-area-id=\"col-0\"><\/div>\n<div class=\"col col-md-6 col-lg-6 col-xl-6 col-12\" data-area-id=\"col-1\">\n<div class=\"opc-Container opc-hidden-xs opc-hidden-sm \">\n<div>\n<div class=\"opc-Container \">\n<div><\/div>\n<\/div>\n<\/div>\n<\/div>\n<div class=\"\">\n<p><em><strong>Vertrauen ist gut, Kontrolle ist besser!<\/strong><\/em><\/p>\n<p><img data-recalc-dims=\"1\" decoding=\"async\" src=\"https:\/\/i0.wp.com\/h3r-shop.de\/media\/image\/storage\/opc\/Icons%20Banner\/icon%20bedienung%20und%20kontrolle.png?ssl=1\" alt=\"\" \/><\/p>\n<p>Um die Temperatur im Auge zu behalten, haben wir zwei Thermometer f\u00fcr dich angebracht. Eines befindet sich im Deckel der Heubox. An der Vorderseite ist ein weiteres Thermometer angebracht, welches \u00fcber eine Sonde verf\u00fcgt. Die Sonde kannst du direkt ins Heu hineinschieben, um die Kerntemperatur zu\u00a0messen.<\/p>\n<p>Dadurch kannst du den Prozess der W\u00e4rmeentwicklung bestens nachvollziehen und wei\u00dft, wann das Heu fertig \u201egegart\u201c ist.<\/p>\n<p>Empfohlen wird in der Regel das Heu auf mindestens 80\u00b0C zu erhitzen und diese Temperatur, oder h\u00f6her, f\u00fcr mindestens 20 Minuten beizubehalten.<\/p>\n<p>Durch die hervorragende Isolierung unserer Heubox, h\u00e4lt sich auch nach dem Ausschalten des Bedampfers die Temperatur im\u00a0Inneren noch sehr lang. In 10 Minuten f\u00e4llt diese um nicht mal 5\u00b0C ab. Nach 20 Minuten haben wir gerade einmal 7\u00b0C weniger im Bedampfer gemessen.<\/p>\n<\/div>\n<\/div>\n<\/div>\n<\/div>\n<\/div>\n<div class=\"container-fluid opc-Container \">\n<div><\/div>\n<\/div>\n<div class=\"container-fluid opc-Container \">\n<div>\n<div class=\"\">\n<p>&nbsp;<\/p>\n<p><em><strong>Bedienung<\/strong><\/em><\/p>\n<p><img data-recalc-dims=\"1\" loading=\"lazy\" decoding=\"async\" class=\"\" src=\"https:\/\/i0.wp.com\/h3r-shop.de\/media\/image\/storage\/opc\/Icon\/bedienung%20heubedampfer%20icon.png?resize=227%2C227&#038;ssl=1\" alt=\"\" width=\"227\" height=\"227\" \/><\/p>\n<p>Wenn du dann das Heu entnommen hast, solltest du den Deckel offen stehen lassen, damit der Innenraum des Heubedampfers gut abtrocknen kann. Von Zeit zu Zeit sollte der Bedampferraum ausgekehrt, ausgesaugt oder ausgewaschen werden. Dadurch bleibt gew\u00e4hrleistet, dass die Dampfausl\u00e4sse offen bleiben und sich nicht mit Heustaub zusetzen. Wenn du den Bedampfer aussp\u00fclen m\u00f6chtest, kannst du im Boden einen Ablauf \u00f6ffnen und dort das Wasser einfach ablaufen lassen. Die Dampfschl\u00e4uche haben au\u00dferdem genug Abstand zum Boden, das man mit einem Abzieher das Wasser ohne Probleme Richtung Ablauf ziehen kann. Die Reinigung ist daher nur Minutensache.<\/p>\n<\/div>\n<\/div>\n<\/div>\n<div class=\"container-fluid opc-Container \">\n<div><\/div>\n<\/div>\n<p><em><strong><span style=\"color: #000000;\">Der H3R Leader 3500 Smart ist exklusiv bei unserem Partner <a style=\"color: #000000;\" href=\"https:\/\/h3r-shop.de\/LEADER-3500M-SMART-7000M-SMART\">H3R<\/a> erh\u00e4ltlich.<\/span><\/strong><\/em><br \/>\n<em><strong><span style=\"color: #000000;\">M\u00f6chtest du weitere Informationen? Dann schau gerne auf der Website unseres Partners <a style=\"color: #000000;\" href=\"https:\/\/h3r-shop.de\/\">H3R<\/a> vorbei, er wird dich gerne beraten.<\/span><\/strong><\/em><\/p>\n<p><em><strong><span style=\"color: #000000;\">Im Shop unseres <a style=\"color: #000000;\" href=\"https:\/\/h3r-shop.de\/\">Partners H3R f<\/a>indest du auch eine Auswahl an weiteren Heubedampfern.<\/span><\/strong><\/em><\/p>\n<p>&nbsp;<\/p>\n<p>&nbsp;<\/p>\n<p>&nbsp;<\/p>\n<div class=\"card-layout-item\" data-pm-slice=\"2 4 [&quot;document&quot;,{&quot;aiOptions&quot;:{&quot;preserveLayouts&quot;:false,&quot;imageOptions&quot;:{&quot;license&quot;:&quot;All&quot;,&quot;provider&quot;:&quot;aiGenerated&quot;,&quot;generateStyle&quot;:&quot;Retro and vintage with an organic and clean style, featuring warm earthy colors like orange, green, and beige for a classic, understated look.&quot;,&quot;model&quot;:&quot;flux-1-pro&quot;,&quot;stylePreset&quot;:&quot;Theme&quot;}},&quot;docId&quot;:&quot;1bmpcm1szljddj4&quot;,&quot;background&quot;:{&quot;type&quot;:&quot;none&quot;},&quot;docFlags&quot;:{&quot;cardLayoutsEnabled&quot;:true},&quot;format&quot;:&quot;document&quot;,&quot;customCode&quot;:{},&quot;settings&quot;:{&quot;defaultFullBleed&quot;:&quot;contained&quot;,&quot;stylesDerivedFrom&quot;:&quot;document_default&quot;,&quot;cardDimensions&quot;:&quot;fluid&quot;,&quot;verticalAlign&quot;:&quot;center&quot;,&quot;defaultContentWidth&quot;:&quot;md&quot;,&quot;fontSize&quot;:&quot;md&quot;,&quot;scaleContentToFit&quot;:false,&quot;animationsEnabled&quot;:true,&quot;styleTemplate&quot;:&quot;document_default&quot;},&quot;generateStatus&quot;:&quot;done&quot;,&quot;generateInfo&quot;:{&quot;interactionId&quot;:&quot;ssg4m37p7l3hred&quot;,&quot;streamId&quot;:&quot;1bmpcm1szljddj4&quot;,&quot;lastEventId&quot;:&quot;15&quot;,&quot;lastCompletedCardId&quot;:&quot;zdv0ps1rude1azn&quot;,&quot;lastCompletedCardIndex&quot;:14}},&quot;card&quot;,{&quot;id&quot;:&quot;eoe7qv35phi9coj&quot;,&quot;previewContent&quot;:null,&quot;background&quot;:{&quot;type&quot;:&quot;none&quot;},&quot;container&quot;:{},&quot;cardSize&quot;:&quot;default&quot;,&quot;layout&quot;:&quot;blank&quot;,&quot;layoutTemplateColumns&quot;:null,&quot;layoutTemplateRows&quot;:null,&quot;verticalAlign&quot;:null,&quot;generatorInput&quot;:null,&quot;fontScale&quot;:null}]\">\n<div class=\"smart-layout\" data-options=\"{&quot;cellSize&quot;:20,&quot;numbered&quot;:false}\">\n<div id=\"1EL7c\" class=\"layout-item\" data-id=\"1EL7c\" data-options=\"{}\">\n<p class=\"paragraph\">\n<\/div>\n<\/div>\n<\/div>\n<p>&nbsp;<\/p>\n<p>&nbsp;<\/p>\n<p>&nbsp;<\/p>\n<p>&nbsp;<\/p>\n","protected":false},"excerpt":{"rendered":"<div><b>Wichtige Mitteilung<\/b><\/div>\n<div><b>\u00a0<\/b><\/div>\n<div><b>Aufgrund eines Trauerfalls im engsten Familienkreis sind wir derzeit nur eingeschr\u00e4nkt erreichbar. Wir bem\u00fchen dennoch alle Anfragen zeitnah zu beantworten und danken dir f\u00fcr dein Verst\u00e4ndnis in dieser schwierigen Zeit.<\/b><\/div>\n<p>&nbsp;<\/p>\n<p><span style=\"color: #000000;\"><em><strong>Entdecke den Heubedampfer H3R Leader Smart<\/strong> <\/em>&#8211; der leistungsstarke und effiziente Partner f\u00fcr die Bed\u00fcrfnisse deines Pferdes.<\/span><\/p>\n<p><span style=\"color: #000000;\">Mit unserer intelligenten<a style=\"color: #000000;\" href=\"https:\/\/steam-control.com\/Shop\/index.php\/produkt\/steamcontrol-evo\/\"> Temperatursteuerung EVO<\/a> ausgestattet, bietet dieses Ger\u00e4t Spitzenleistungen bei gleichzeitigem Stromsparen.<\/span><\/p>\n<p>Du kannst den <em data-start=\"87\" data-end=\"95\">Leader<\/em> auch mit jeder anderen Steuerung ausstatten,sprich dazu am besten unseren Partner H3R an. \ud83d\ude42<br data-start=\"190\" data-end=\"193\" \/>Je nach Ausstattung der Temperatursteuerung variieren auch die Eigenschaften des Heubedampfers.<\/p>\n<p><em><span style=\"color: #000000;\"><strong>Einstellbarer Bedampfungsmodus<\/strong><\/span><\/em><\/p>\n<p><span style=\"color: #000000;\">Der Leader Smart verf\u00fcgt \u00fcber drei einstellbare Stufen &#8211; schonend, optimal und aggressiv &#8211; damit du die perfekte Einstellung f\u00fcr dein Heu ausw\u00e4hlen kannst.<\/span><\/p>\n<p class=\"x_MsoNormal\" data-olk-copy-source=\"MessageBody\"><strong><span style=\"color: #000000;\">Bedampfungsmodus Schonend:<\/span><\/strong><\/p>\n<p class=\"x_MsoNormal\"><span style=\"color: #000000;\">Im Bedampfungsmodus Schonend wird das Heu auf eine Temperatur von mindestens 80 \u00b0C erhitzt und in einem kleinen Temperaturfenster \u00fcber 80 \u00b0C f\u00fcr 15 Minuten gehalten. Die Heizplatte schaltet dabei, um Energie zu sparen und um das Temperaturfenster zu halten, in den 15 Minuten immer wieder ab. Dieser Modus ist besonders schonend f\u00fcr die wertvollen Inhaltsstoffe im Heu.<\/span><\/p>\n<p class=\"x_MsoNormal\"><span style=\"color: #000000;\"><strong>Bedampfungsmodus Optimal:<\/strong><\/span><\/p>\n<p class=\"x_MsoNormal\"><span style=\"color: #000000;\">Im Bedampfungsmodus Optimal wird versucht, das optimale Resultat zwischen Abt\u00f6tung von Keimen bzw. sch\u00e4dlichen Erregern und Erhalt der N\u00e4hrstoffe zu erzielen. Die Maillard-Reaktion, welche die Proteine im Heu f\u00fcr Pferde schwer verdaulich macht, wird nur leicht angeregt. Die Temperatur im Heubedampfer soll hierbei leicht \u00fcber 90 \u00b0C liegen und f\u00fcr 15 Minuten gehalten werden. Die Heizplatte schaltet dabei, um Energie zu sparen und um das Temperaturfenster zu halten, in den 15 Minuten immer wieder ab.<\/span><\/p>\n<p class=\"x_MsoNormal\"><strong><span style=\"color: #000000;\">Bedampfungsmodus Aggressiv:<\/span><\/strong><\/p>\n<p class=\"x_MsoNormal\"><span style=\"color: #000000;\">Im Bedampfungsmodus Aggressiv wird ein maximaler Temperaturanstieg im Heubedampfer forciert. Die Heizplatte heizt w\u00e4hrend des kompletten Bedampfungsvorgangs mit voller Leistung. Die Mindesttemperatur liegt bei 95 \u00b0C und kann je nach Bedingungen wie Au\u00dfentemperatur und Heumenge bis an die 98-100 \u00b0C ansteigen.<\/span><\/p>\n<p>&nbsp;<\/p>\n<p><em><strong style=\"color: #000000;\">Zeitschaltuhr (ist bei uns nach dem Kauf herunterladbar)<\/strong><\/em><\/p>\n<p><span style=\"color: #000000;\">Die integrierte Zeitschaltuhr macht es noch einfacher, den Bedampfungsprozess zu steuern, ohne dass zus\u00e4tzliche Ger\u00e4te erforderlich sind.<\/span><\/p>\n<p><em><span style=\"color: #000000;\"><strong> Fehlererkennung<\/strong><\/span><\/em><\/p>\n<p><span style=\"color: #000000;\">Dar\u00fcber hinaus sorgt die Fehlererkennungsfunktion daf\u00fcr, dass der Dampfgenerator in der Regel automatisch abgeschaltet wird, wenn unter anderem Wassermangel auftritt.<\/span><\/p>\n<p><em><span style=\"color: #000000;\"><strong>Automatische Abschaltung<\/strong><\/span><\/em><\/p>\n<p><span style=\"color: #000000;\">Und das Beste daran?<\/span><br \/>\n<span style=\"color: #000000;\">Der Heubedampfer schaltet sich automatisch ab,<\/span><br \/>\n<span style=\"color: #000000;\">sobald das Heu fertig bedampft ist, sodass du dir keine Gedanken mehr machen musst.<\/span><\/p>\n<p><em><span style=\"color: #000000;\"><strong>Die Zukunft<\/strong><\/span><\/em><\/p>\n<p><span style=\"color: #000000;\">Erlebe die Zukunft der Heubedampfung mit dem H3R Leader Smart \u2013 effektiv, komfortabel und zuverl\u00e4ssig.<\/span><br \/>\n<span style=\"color: #000000;\">Bald erh\u00e4ltlich, um deine Bed\u00fcrfnisse und die deines Pferdes zu erf\u00fcllen und dir die bestm\u00f6gliche L\u00f6sung zu bieten.<\/span><\/p>\n<p><span style=\"color: #000000;\">G\u00f6nne dir das Beste &#8211; mit dem H3R Leader Smart.<\/span><\/p>\n<p><em><strong>Der H3R Leader\u00a0 Smart ist exklusiv bei unserem Partner <a href=\"https:\/\/h3r-shop.de\/LEADER-3500M-SMART-7000M-SMART\">H3R<\/a> erh\u00e4ltlich.<\/strong><\/em><\/p>\n<p><em><strong>M\u00f6chtest du weitere Informationen? <\/strong><\/em><\/p>\n<p><em><strong>Dann schau gerne auf der Website unseres Partners <a href=\"https:\/\/h3r-shop.de\/\">H3R<\/a> vorbei, er wird dich gerne beraten.<\/strong><\/em><\/p>\n<p>&nbsp;<\/p>\n<p>&nbsp;<\/p>\n<p>&nbsp;<\/p>\n<p>&nbsp;<\/p>\n","protected":false},"featured_media":760,"comment_status":"open","ping_status":"closed","template":"","meta":{"jetpack_post_was_ever_published":false,"jetpack_publicize_message":"","jetpack_publicize_feature_enabled":true,"jetpack_social_post_already_shared":true,"jetpack_social_options":{"image_generator_settings":{"template":"highway","default_image_id":0,"font":"","enabled":false},"version":2}},"product_brand":[],"product_cat":[70],"product_tag":[118,92,161,160,163,63,159,133,125,162,126,116],"class_list":{"0":"post-708","1":"product","2":"type-product","3":"status-publish","4":"has-post-thumbnail","6":"product_cat-heubedampfer","7":"product_tag-bedampfer-heu","8":"product_tag-bedampfersteuerung","9":"product_tag-edelstahl-heubedampfer","10":"product_tag-h3r","11":"product_tag-healthy-horse-happy-rider","12":"product_tag-heubedampfer","13":"product_tag-intelligente-heubedampfer","14":"product_tag-intelligente-heubedampfer-temperatursteuerung","15":"product_tag-pferd-allergie","16":"product_tag-pferd-asthma","17":"product_tag-pferd-copd","18":"product_tag-pferd-heu-bedampfen","20":"first","21":"outofstock","22":"shipping-taxable","23":"purchasable","24":"product-type-simple"},"jetpack_publicize_connections":[],"jetpack-related-posts":[],"jetpack_sharing_enabled":true,"jetpack_likes_enabled":true,"_links":{"self":[{"href":"https:\/\/steam-control.com\/Shop\/index.php\/wp-json\/wp\/v2\/product\/708","targetHints":{"allow":["GET"]}}],"collection":[{"href":"https:\/\/steam-control.com\/Shop\/index.php\/wp-json\/wp\/v2\/product"}],"about":[{"href":"https:\/\/steam-control.com\/Shop\/index.php\/wp-json\/wp\/v2\/types\/product"}],"replies":[{"embeddable":true,"href":"https:\/\/steam-control.com\/Shop\/index.php\/wp-json\/wp\/v2\/comments?post=708"}],"wp:featuredmedia":[{"embeddable":true,"href":"https:\/\/steam-control.com\/Shop\/index.php\/wp-json\/wp\/v2\/media\/760"}],"wp:attachment":[{"href":"https:\/\/steam-control.com\/Shop\/index.php\/wp-json\/wp\/v2\/media?parent=708"}],"wp:term":[{"taxonomy":"product_brand","embeddable":true,"href":"https:\/\/steam-control.com\/Shop\/index.php\/wp-json\/wp\/v2\/product_brand?post=708"},{"taxonomy":"product_cat","embeddable":true,"href":"https:\/\/steam-control.com\/Shop\/index.php\/wp-json\/wp\/v2\/product_cat?post=708"},{"taxonomy":"product_tag","embeddable":true,"href":"https:\/\/steam-control.com\/Shop\/index.php\/wp-json\/wp\/v2\/product_tag?post=708"}],"curies":[{"name":"wp","href":"https:\/\/api.w.org\/{rel}","templated":true}]}}