{"id":699,"date":"2024-04-12T09:27:05","date_gmt":"2024-04-12T07:27:05","guid":{"rendered":"https:\/\/steam-control.com\/Shop\/?post_type=product&#038;p=699"},"modified":"2025-08-04T15:24:55","modified_gmt":"2025-08-04T13:24:55","slug":"dampferzeuger-hm-3500-a-induktion","status":"publish","type":"product","link":"https:\/\/steam-control.com\/Shop\/index.php\/produkt\/dampferzeuger-hm-3500-a-induktion\/","title":{"rendered":"Dampferzeuger HM 3500 A Induktion ohne Timer"},"content":{"rendered":"<div class=\"product-addition\">\n<h2><span style=\"color: #800000;\"><strong>Dampferzeuger Heumaster<\/strong><\/span><\/h2>\n<h2 class=\"product-addition-headline\"><strong><span style=\"font-size: 16px; color: #000000;\">Der Dampferzeuger HM 3500 A ist ein robustes, wartungsfreundliches Ger\u00e4t, bestehend aus den Komponenten<\/span><\/strong><\/h2>\n<div class=\"product-addition-content\">\n<p><span style=\"color: #000000;\">&#8211; Induktionskochplatte<\/span><\/p>\n<p><span style=\"color: #000000;\">&#8211; Edelstahlkessel<\/span><\/p>\n<p><span style=\"color: #000000;\">&#8211; Edelstahlgeh\u00e4use<\/span><\/p>\n<p><span style=\"color: #000000;\">&#8211; Dampfschlauch mit GEKA-Kupplungen<\/span><\/p>\n<p><strong><span style=\"color: #000000;\">Technische Daten<\/span><\/strong><\/p>\n<p><span style=\"color: #000000;\">&#8211; Nennleistung 3.500 Watt, regelbar<\/span><\/p>\n<p><span style=\"color: #000000;\">&#8211; Kesselvolumen ca. 14 Liter, Bef\u00fcllung max. 12 Liter<\/span><\/p>\n<p><span style=\"color: #000000;\">&#8211; Betrieb mit 230V Wechselstrom, Stromleitung mit mindestens 16Amp abgesichert<\/span><\/p>\n<p><strong><span style=\"color: #000000;\">Abmessungen<\/span><\/strong><\/p>\n<p><span style=\"color: #000000;\">ca.\u00a045 X 39,5 X 40,5cm (L \/ B H)<\/span><\/p>\n<p><span style=\"color: #000000;\">Der Kessel l\u00e4\u00dft sich einfach entnehmen. So kann man das Kochfeld bei Bedarf bequem reinigen, was normalerweise nur selten n\u00f6tig ist. Man sollte hin und wieder mal nachsehen, ob sich eventuell etwas Wasser angesammelt hat und dieses dann gegebenenfalls aufwischen. Je nach H\u00e4rtegrad des verwendeten Wassers\u00a0sollte der Kessel hin und wieder mit einem handels\u00fcblichen Entkalkungsmittel gereinigt werden.<\/span><\/p>\n<p><span style=\"color: #000000;\">Das Edelstahlgeh\u00e4use ist sehr gut isoliert und wird etwa handwarm. Lediglich der Schlauchanschluss und das \u00dcberdruckventil werden hei\u00df. Der Schlauch ebenfalls. Diesen kann man zus\u00e4tzlich isolieren. Besonders bei niedrigen Umgebungstemperaturen wird dadurch die Energieausbeute optimiert.<\/span><\/p>\n<p><span style=\"color: #000000;\">Zur K\u00fchlung der Elektrik verf\u00fcgt die Kochplatte \u00fcber einen L\u00fcfter. Au\u00dferdem gibt es einen \u00dcberhitzungsschutz. Dennoch darf das Ger\u00e4t nicht ohne Wasser im Kessel betrieben werden.<\/span><\/p>\n<p><span style=\"color: #000000;\">Das Ger\u00e4t kann mittels externer Zeitschaltuhr gestartet und abgeschaltet werden. Diese muss f\u00fcr mindestens 16 Ampere in Dauerleitung ausgelegt sein.<\/span><\/p>\n<\/div>\n<div class=\"product-addition-expander\"><\/div>\n<\/div>\n<div class=\"product-addition\">\n<h2 class=\"product-addition-headline\"><span style=\"color: #000000;\">Zus\u00e4tzliche Produktinformationen<\/span><\/h2>\n<dl class=\"product-addition-list\">\n<dt><span style=\"color: #000000;\">Ausf\u00fchrung &#8211; ohne Timer<\/span><\/dt>\n<\/dl>\n<p><span style=\"color: #800000;\"><strong><a style=\"color: #800000;\" href=\"https:\/\/gerd-roembke.shop\/p\/dampferzeuger-hm-3500-induktion-mit-timer\">Heumaster Dampferzeuger 3500 A<\/a><\/strong><\/span><\/p>\n<\/div>\n","protected":false},"excerpt":{"rendered":"<p><span style=\"color: #800000;\"><strong>Dampferzeuger Heumaster<\/strong><\/span><\/p>\n<p>Der Dampferzeuger HM 3500 A ist ein robustes, wartungsfreundliches Ger\u00e4t.<\/p>\n<p>&nbsp;<\/p>\n<p>&nbsp;<\/p>\n","protected":false},"featured_media":700,"comment_status":"open","ping_status":"closed","template":"","meta":{"jetpack_post_was_ever_published":false,"jetpack_publicize_message":"","jetpack_publicize_feature_enabled":true,"jetpack_social_post_already_shared":true,"jetpack_social_options":{"image_generator_settings":{"template":"highway","default_image_id":0,"font":"","enabled":false},"version":2}},"product_brand":[],"product_cat":[146],"product_tag":[147,149,150,155,153,154,152,148,156,158,151,157],"class_list":{"0":"post-699","1":"product","2":"type-product","3":"status-publish","4":"has-post-thumbnail","6":"product_cat-dampferzeuger","7":"product_tag-dampferzeuger","8":"product_tag-dampferzeuger-heubedampfer","9":"product_tag-dampferzeuger-heubedampfer-selbstbau","10":"product_tag-dampferzeuger-heumaster","11":"product_tag-dampferzeuger-ohne-timer","12":"product_tag-dampferzeuger-timer","13":"product_tag-dampferzeuger-zeitschaltuhr","14":"product_tag-dampfgenerator","15":"product_tag-dampfgenerator-heumaster","16":"product_tag-gerd-roembke","17":"product_tag-guter-dampferzeuger","18":"product_tag-heumaster","19":"product_shipping_class-paket-gross","21":"first","22":"outofstock","23":"shipping-taxable","24":"purchasable","25":"product-type-simple"},"jetpack_publicize_connections":[],"jetpack-related-posts":[],"jetpack_sharing_enabled":true,"jetpack_likes_enabled":true,"_links":{"self":[{"href":"https:\/\/steam-control.com\/Shop\/index.php\/wp-json\/wp\/v2\/product\/699","targetHints":{"allow":["GET"]}}],"collection":[{"href":"https:\/\/steam-control.com\/Shop\/index.php\/wp-json\/wp\/v2\/product"}],"about":[{"href":"https:\/\/steam-control.com\/Shop\/index.php\/wp-json\/wp\/v2\/types\/product"}],"replies":[{"embeddable":true,"href":"https:\/\/steam-control.com\/Shop\/index.php\/wp-json\/wp\/v2\/comments?post=699"}],"wp:featuredmedia":[{"embeddable":true,"href":"https:\/\/steam-control.com\/Shop\/index.php\/wp-json\/wp\/v2\/media\/700"}],"wp:attachment":[{"href":"https:\/\/steam-control.com\/Shop\/index.php\/wp-json\/wp\/v2\/media?parent=699"}],"wp:term":[{"taxonomy":"product_brand","embeddable":true,"href":"https:\/\/steam-control.com\/Shop\/index.php\/wp-json\/wp\/v2\/product_brand?post=699"},{"taxonomy":"product_cat","embeddable":true,"href":"https:\/\/steam-control.com\/Shop\/index.php\/wp-json\/wp\/v2\/product_cat?post=699"},{"taxonomy":"product_tag","embeddable":true,"href":"https:\/\/steam-control.com\/Shop\/index.php\/wp-json\/wp\/v2\/product_tag?post=699"}],"curies":[{"name":"wp","href":"https:\/\/api.w.org\/{rel}","templated":true}]}}